{"id":7681,"date":"2022-03-21T13:09:56","date_gmt":"2022-03-21T13:09:56","guid":{"rendered":"https:\/\/traveldivision.co.mz\/?page_id=7681"},"modified":"2023-06-16T10:55:16","modified_gmt":"2023-06-16T10:55:16","slug":"anantara-bazaruto","status":"publish","type":"page","link":"https:\/\/traveldivision.co.mz\/en\/anantara-bazaruto\/","title":{"rendered":"Anantara Bazaruto"},"content":{"rendered":"<div data-elementor-type=\"wp-page\" data-elementor-id=\"7681\" class=\"elementor elementor-7681\" data-elementor-settings=\"{&quot;ha_cmc_init_switcher&quot;:&quot;no&quot;}\">\n\t\t\t\t\t\t<section class=\"elementor-section elementor-top-section elementor-element elementor-element-202035bc elementor-section-height-min-height elementor-section-boxed elementor-section-height-default elementor-section-items-middle\" data-id=\"202035bc\" data-element_type=\"section\" data-e-type=\"section\" data-settings=\"{&quot;background_background&quot;:&quot;classic&quot;,&quot;_ha_eqh_enable&quot;:false}\">\n\t\t\t\t\t\t<div class=\"elementor-container elementor-column-gap-default\">\n\t\t\t\t\t<div class=\"elementor-column elementor-col-100 elementor-top-column elementor-element elementor-element-47cb287c\" data-id=\"47cb287c\" data-element_type=\"column\" data-e-type=\"column\">\n\t\t\t<div class=\"elementor-widget-wrap\">\n\t\t\t\t\t\t\t<\/div>\n\t\t<\/div>\n\t\t\t\t\t<\/div>\n\t\t<\/section>\n\t\t\t\t<section class=\"elementor-section elementor-top-section elementor-element elementor-element-5ef80730 elementor-section-boxed elementor-section-height-default elementor-section-height-default\" data-id=\"5ef80730\" data-element_type=\"section\" data-e-type=\"section\" data-settings=\"{&quot;background_background&quot;:&quot;classic&quot;,&quot;_ha_eqh_enable&quot;:false}\">\n\t\t\t\t\t\t<div class=\"elementor-container elementor-column-gap-default\">\n\t\t\t\t\t<div class=\"elementor-column elementor-col-50 elementor-top-column elementor-element elementor-element-72ddcd9e\" data-id=\"72ddcd9e\" data-element_type=\"column\" data-e-type=\"column\">\n\t\t\t<div class=\"elementor-widget-wrap elementor-element-populated\">\n\t\t\t\t\t\t<div class=\"elementor-element elementor-element-6ecb3fea elementor-widget elementor-widget-heading\" data-id=\"6ecb3fea\" data-element_type=\"widget\" data-e-type=\"widget\" data-widget_type=\"heading.default\">\n\t\t\t\t<div class=\"elementor-widget-container\">\n\t\t\t\t\t<h2 class=\"elementor-heading-title elementor-size-default\"><strong>ANANTARA BAZARUTO<\/strong> - 5 DAYS\/ 4 NIGHTS<\/h2>\t\t\t\t<\/div>\n\t\t\t\t<\/div>\n\t\t\t\t\t<\/div>\n\t\t<\/div>\n\t\t\t\t<div class=\"elementor-column elementor-col-50 elementor-top-column elementor-element elementor-element-40c2f255\" data-id=\"40c2f255\" data-element_type=\"column\" data-e-type=\"column\">\n\t\t\t<div class=\"elementor-widget-wrap elementor-element-populated\">\n\t\t\t\t\t\t\t<\/div>\n\t\t<\/div>\n\t\t\t\t\t<\/div>\n\t\t<\/section>\n\t\t\t\t<section class=\"elementor-section elementor-top-section elementor-element elementor-element-26e97b1b elementor-section-boxed elementor-section-height-default elementor-section-height-default\" data-id=\"26e97b1b\" data-element_type=\"section\" data-e-type=\"section\" data-settings=\"{&quot;background_background&quot;:&quot;classic&quot;,&quot;_ha_eqh_enable&quot;:false}\">\n\t\t\t\t\t\t<div class=\"elementor-container elementor-column-gap-default\">\n\t\t\t\t\t<div class=\"elementor-column elementor-col-100 elementor-top-column elementor-element elementor-element-532275e1\" data-id=\"532275e1\" data-element_type=\"column\" data-e-type=\"column\">\n\t\t\t<div class=\"elementor-widget-wrap elementor-element-populated\">\n\t\t\t\t\t\t<section class=\"elementor-section elementor-inner-section elementor-element elementor-element-5a0d882b elementor-section-boxed elementor-section-height-default elementor-section-height-default\" data-id=\"5a0d882b\" data-element_type=\"section\" data-e-type=\"section\" data-settings=\"{&quot;_ha_eqh_enable&quot;:false}\">\n\t\t\t\t\t\t<div class=\"elementor-container elementor-column-gap-wider\">\n\t\t\t\t\t<div class=\"elementor-column elementor-col-100 elementor-inner-column elementor-element elementor-element-7e019b9\" data-id=\"7e019b9\" data-element_type=\"column\" data-e-type=\"column\">\n\t\t\t<div class=\"elementor-widget-wrap elementor-element-populated\">\n\t\t\t\t\t\t<div class=\"elementor-element elementor-element-7c5e0857 elementor-widget elementor-widget-text-editor\" data-id=\"7c5e0857\" data-element_type=\"widget\" data-e-type=\"widget\" data-widget_type=\"text-editor.default\">\n\t\t\t\t<div class=\"elementor-widget-container\">\n\t\t\t\t\t\t\t\t\t<h6><strong>Anantara Bazaruto<\/strong><\/h6><p style=\"margin-top: 0cm; text-align: justify; text-justify: inter-ideograph; background: white;\"><span style=\"font-family: 'Segoe UI',sans-serif; color: #666666;\">Bazaruto is an anemic island, located approximately 80 km southeast of the mouth of the Save River. It is the largest island of the Bazaruto Archipelago with an area of 120 square km and is an integral part of the National Park of the same name. It has fantastic paradisiacal beaches with undulating dunes that fall towards crystal clear waters.<\/span><\/p><p style=\"margin-top: 0cm; text-align: justify; text-justify: inter-ideograph; background: white;\"><span style=\"font-family: 'Segoe UI',sans-serif; color: #666666;\">The Hotel Anantara Bazaruto is currently the only 5-star hotel located in the south of the island that offers excellent service.<\/span><\/p><p style=\"margin-top: 0cm; text-align: justify; text-justify: inter-ideograph; background: white;\"><span style=\"font-family: 'Segoe UI',sans-serif; color: #666666;\">Accommodation is offered in elegant villas, each with an indoor lounge and balcony. Some of the villas have direct access to the beach and others feature a private pool. <\/span><\/p><p style=\"margin-top: 0cm; text-align: justify; text-justify: inter-ideograph; background: white;\"><span style=\"font-family: 'Segoe UI',sans-serif; color: #666666;\">Anantara Bazaruto Island Resort is easily accessible via Vilanulos Airport with flights by plane or helicopter upon prior request and at an additional cost. Boat transfers from this Vilanculos are also available. <\/span><\/p><p style=\"margin-top: 0cm; text-align: justify; text-justify: inter-ideograph; background: white;\"><span style=\"font-family: 'Segoe UI',sans-serif; color: #666666;\">Welcome to Anantara Bazaruto Island Resort, a true luxury getaway among Mozambique's resorts.<\/span><\/p>\t\t\t\t\t\t\t\t<\/div>\n\t\t\t\t<\/div>\n\t\t\t\t\t<\/div>\n\t\t<\/div>\n\t\t\t\t\t<\/div>\n\t\t<\/section>\n\t\t\t\t<section class=\"elementor-section elementor-inner-section elementor-element elementor-element-8accfed elementor-section-boxed elementor-section-height-default elementor-section-height-default\" data-id=\"8accfed\" data-element_type=\"section\" data-e-type=\"section\" data-settings=\"{&quot;_ha_eqh_enable&quot;:false}\">\n\t\t\t\t\t\t<div class=\"elementor-container elementor-column-gap-wider\">\n\t\t\t\t\t<div class=\"elementor-column elementor-col-100 elementor-inner-column elementor-element elementor-element-a0c94d9\" data-id=\"a0c94d9\" data-element_type=\"column\" data-e-type=\"column\">\n\t\t\t<div class=\"elementor-widget-wrap elementor-element-populated\">\n\t\t\t\t\t\t<div class=\"elementor-element elementor-element-ed560ba elementor-widget elementor-widget-heading\" data-id=\"ed560ba\" data-element_type=\"widget\" data-e-type=\"widget\" data-widget_type=\"heading.default\">\n\t\t\t\t<div class=\"elementor-widget-container\">\n\t\t\t\t\t<h2 class=\"elementor-heading-title elementor-size-default\">The package includes: <\/h2>\t\t\t\t<\/div>\n\t\t\t\t<\/div>\n\t\t\t\t<div class=\"elementor-element elementor-element-ad46891 elementor-widget elementor-widget-text-editor\" data-id=\"ad46891\" data-element_type=\"widget\" data-e-type=\"widget\" data-widget_type=\"text-editor.default\">\n\t\t\t\t<div class=\"elementor-widget-container\">\n\t\t\t\t\t\t\t\t\t<p>. Flight Maputo\/ Vilankulos\/ Maputo<\/p><p>\u2022\tTransfers round trip from the Airport to the Hotel<\/p><p>\u2022 04 nights accommodation on a full board basis (breakfast, lunch and dinner)<\/p><p>\u2022 Drinks included in meals (soft drinks, bottled water, house wine, local beer and selected spirits, tea and coffee).<\/p><p>\u2022 Selected minibar items (soft drinks and beer).<\/p><p>\u2022 Non-motorized water activities<\/p><p>\u2022 One Dhow cruise experience per person in season (in low season)<\/p><p>\u2022 One Spa treatment per adult\/stay.<\/p><p>\u2022 Medical emergency evacuation.<\/p>\t\t\t\t\t\t\t\t<\/div>\n\t\t\t\t<\/div>\n\t\t\t\t\t<\/div>\n\t\t<\/div>\n\t\t\t\t\t<\/div>\n\t\t<\/section>\n\t\t\t\t<div class=\"elementor-element elementor-element-a026646 elementor-widget-divider--view-line elementor-widget elementor-widget-divider\" data-id=\"a026646\" data-element_type=\"widget\" data-e-type=\"widget\" data-widget_type=\"divider.default\">\n\t\t\t\t<div class=\"elementor-widget-container\">\n\t\t\t\t\t\t\t<div class=\"elementor-divider\">\n\t\t\t<span class=\"elementor-divider-separator\">\n\t\t\t\t\t\t<\/span>\n\t\t<\/div>\n\t\t\t\t\t\t<\/div>\n\t\t\t\t<\/div>\n\t\t\t\t<section class=\"elementor-section elementor-inner-section elementor-element elementor-element-49f2483 elementor-section-boxed elementor-section-height-default elementor-section-height-default\" data-id=\"49f2483\" data-element_type=\"section\" data-e-type=\"section\" data-settings=\"{&quot;background_background&quot;:&quot;classic&quot;,&quot;_ha_eqh_enable&quot;:false}\">\n\t\t\t\t\t\t<div class=\"elementor-container elementor-column-gap-custom\">\n\t\t\t\t\t<div class=\"elementor-column elementor-col-33 elementor-inner-column elementor-element elementor-element-27a2df9a\" data-id=\"27a2df9a\" data-element_type=\"column\" data-e-type=\"column\" data-settings=\"{&quot;background_background&quot;:&quot;classic&quot;}\">\n\t\t\t<div class=\"elementor-widget-wrap elementor-element-populated\">\n\t\t\t\t\t\t<div class=\"elementor-element elementor-element-a2f9a31 elementor-widget elementor-widget-accordion\" data-id=\"a2f9a31\" data-element_type=\"widget\" data-e-type=\"widget\" data-settings=\"{&quot;ha_floating_fx&quot;:&quot;yes&quot;}\" data-widget_type=\"accordion.default\">\n\t\t\t\t<div class=\"elementor-widget-container\">\n\t\t\t\t\t\t\t<div class=\"elementor-accordion\">\n\t\t\t\t\t\t\t<div class=\"elementor-accordion-item\">\n\t\t\t\t\t<div id=\"elementor-tab-title-1701\" class=\"elementor-tab-title\" data-tab=\"1\" role=\"button\" aria-controls=\"elementor-tab-content-1701\" aria-expanded=\"false\">\n\t\t\t\t\t\t\t\t\t\t\t\t\t<span class=\"elementor-accordion-icon elementor-accordion-icon-left\" aria-hidden=\"true\">\n\t\t\t\t\t\t\t\t\t\t\t\t\t\t\t<span class=\"elementor-accordion-icon-closed\"><i class=\"fas fa-caret-down\"><\/i><\/span>\n\t\t\t\t\t\t\t\t<span class=\"elementor-accordion-icon-opened\"><\/span>\n\t\t\t\t\t\t\t\t\t\t\t\t\t\t<\/span>\n\t\t\t\t\t\t\t\t\t\t\t\t<a class=\"elementor-accordion-title\" tabindex=\"0\"><p>Low season<\/br><\/p><p><strong> 226,569.00 MZN \/ 3,596.33 USD<\/strong><\/br> <\/p> Prices for 2 people<\/a>\n\t\t\t\t\t<\/div>\n\t\t\t\t\t<div id=\"elementor-tab-content-1701\" class=\"elementor-tab-content elementor-clearfix\" data-tab=\"1\" role=\"region\" aria-labelledby=\"elementor-tab-title-1701\"><p>01 February to 25 March, 2023<\/p><p>17 April to 30 June, 2023<\/p><p>01 September to 20 December 2023<\/p><\/div>\n\t\t\t\t<\/div>\n\t\t\t\t\t\t\t\t<\/div>\n\t\t\t\t\t\t<\/div>\n\t\t\t\t<\/div>\n\t\t\t\t\t<\/div>\n\t\t<\/div>\n\t\t\t\t<div class=\"elementor-column elementor-col-33 elementor-inner-column elementor-element elementor-element-9f3b56d\" data-id=\"9f3b56d\" data-element_type=\"column\" data-e-type=\"column\" data-settings=\"{&quot;background_background&quot;:&quot;classic&quot;}\">\n\t\t\t<div class=\"elementor-widget-wrap elementor-element-populated\">\n\t\t\t\t\t\t<div class=\"elementor-element elementor-element-bdcea95 elementor-widget elementor-widget-accordion\" data-id=\"bdcea95\" data-element_type=\"widget\" data-e-type=\"widget\" data-widget_type=\"accordion.default\">\n\t\t\t\t<div class=\"elementor-widget-container\">\n\t\t\t\t\t\t\t<div class=\"elementor-accordion\">\n\t\t\t\t\t\t\t<div class=\"elementor-accordion-item\">\n\t\t\t\t\t<div id=\"elementor-tab-title-1991\" class=\"elementor-tab-title\" data-tab=\"1\" role=\"button\" aria-controls=\"elementor-tab-content-1991\" aria-expanded=\"false\">\n\t\t\t\t\t\t\t\t\t\t\t\t\t<span class=\"elementor-accordion-icon elementor-accordion-icon-left\" aria-hidden=\"true\">\n\t\t\t\t\t\t\t\t\t\t\t\t\t\t\t<span class=\"elementor-accordion-icon-closed\"><i class=\"fas fa-caret-down\"><\/i><\/span>\n\t\t\t\t\t\t\t\t<span class=\"elementor-accordion-icon-opened\"><\/span>\n\t\t\t\t\t\t\t\t\t\t\t\t\t\t<\/span>\n\t\t\t\t\t\t\t\t\t\t\t\t<a class=\"elementor-accordion-title\" tabindex=\"0\"><p>High season<\/br><\/p><p><strong> 236,819.00 MZN \/ 3,759.09 USD<\/strong><\/br> <\/p> Prices for 2 people<\/a>\n\t\t\t\t\t<\/div>\n\t\t\t\t\t<div id=\"elementor-tab-content-1991\" class=\"elementor-tab-content elementor-clearfix\" data-tab=\"1\" role=\"region\" aria-labelledby=\"elementor-tab-title-1991\"><p>26 March to 16 April 2023<\/p><p>01 July to 31 August 2023<\/p><\/div>\n\t\t\t\t<\/div>\n\t\t\t\t\t\t\t\t<\/div>\n\t\t\t\t\t\t<\/div>\n\t\t\t\t<\/div>\n\t\t\t\t\t<\/div>\n\t\t<\/div>\n\t\t\t\t<div class=\"elementor-column elementor-col-33 elementor-inner-column elementor-element elementor-element-6b17e6a\" data-id=\"6b17e6a\" data-element_type=\"column\" data-e-type=\"column\" data-settings=\"{&quot;background_background&quot;:&quot;classic&quot;}\">\n\t\t\t<div class=\"elementor-widget-wrap elementor-element-populated\">\n\t\t\t\t\t\t<div class=\"elementor-element elementor-element-cb3a428 elementor-widget elementor-widget-accordion\" data-id=\"cb3a428\" data-element_type=\"widget\" data-e-type=\"widget\" data-widget_type=\"accordion.default\">\n\t\t\t\t<div class=\"elementor-widget-container\">\n\t\t\t\t\t\t\t<div class=\"elementor-accordion\">\n\t\t\t\t\t\t\t<div class=\"elementor-accordion-item\">\n\t\t\t\t\t<div id=\"elementor-tab-title-2131\" class=\"elementor-tab-title\" data-tab=\"1\" role=\"button\" aria-controls=\"elementor-tab-content-2131\" aria-expanded=\"false\">\n\t\t\t\t\t\t\t\t\t\t\t\t\t<span class=\"elementor-accordion-icon elementor-accordion-icon-left\" aria-hidden=\"true\">\n\t\t\t\t\t\t\t\t\t\t\t\t\t\t\t<span class=\"elementor-accordion-icon-closed\"><i class=\"fas fa-caret-down\"><\/i><\/span>\n\t\t\t\t\t\t\t\t<span class=\"elementor-accordion-icon-opened\"><\/span>\n\t\t\t\t\t\t\t\t\t\t\t\t\t\t<\/span>\n\t\t\t\t\t\t\t\t\t\t\t\t<a class=\"elementor-accordion-title\" tabindex=\"0\"><p>Peak Season<\/br><\/p><p><strong> 256,819.00 MZN \/ 4,076.49 USD<\/strong><\/br> <\/p> Prices for 2 people<\/a>\n\t\t\t\t\t<\/div>\n\t\t\t\t\t<div id=\"elementor-tab-content-2131\" class=\"elementor-tab-content elementor-clearfix\" data-tab=\"1\" role=\"region\" aria-labelledby=\"elementor-tab-title-2131\"><p>21 December 2023 to 07 January 2024<\/p><\/div>\n\t\t\t\t<\/div>\n\t\t\t\t\t\t\t\t<\/div>\n\t\t\t\t\t\t<\/div>\n\t\t\t\t<\/div>\n\t\t\t\t\t<\/div>\n\t\t<\/div>\n\t\t\t\t\t<\/div>\n\t\t<\/section>\n\t\t\t\t<div class=\"elementor-element elementor-element-b816c59 elementor-widget-divider--view-line elementor-widget elementor-widget-divider\" data-id=\"b816c59\" data-element_type=\"widget\" data-e-type=\"widget\" data-widget_type=\"divider.default\">\n\t\t\t\t<div class=\"elementor-widget-container\">\n\t\t\t\t\t\t\t<div class=\"elementor-divider\">\n\t\t\t<span class=\"elementor-divider-separator\">\n\t\t\t\t\t\t<\/span>\n\t\t<\/div>\n\t\t\t\t\t\t<\/div>\n\t\t\t\t<\/div>\n\t\t\t\t<section class=\"elementor-section elementor-inner-section elementor-element elementor-element-618903a elementor-section-boxed elementor-section-height-default elementor-section-height-default\" data-id=\"618903a\" data-element_type=\"section\" data-e-type=\"section\" data-settings=\"{&quot;background_background&quot;:&quot;classic&quot;,&quot;_ha_eqh_enable&quot;:false}\">\n\t\t\t\t\t\t<div class=\"elementor-container elementor-column-gap-custom\">\n\t\t\t\t\t<div class=\"elementor-column elementor-col-100 elementor-inner-column elementor-element elementor-element-549c170\" data-id=\"549c170\" data-element_type=\"column\" data-e-type=\"column\" data-settings=\"{&quot;background_background&quot;:&quot;classic&quot;}\">\n\t\t\t<div class=\"elementor-widget-wrap elementor-element-populated\">\n\t\t\t\t\t\t<div class=\"elementor-element elementor-element-2c97786 elementor-widget elementor-widget-heading\" data-id=\"2c97786\" data-element_type=\"widget\" data-e-type=\"widget\" data-widget_type=\"heading.default\">\n\t\t\t\t<div class=\"elementor-widget-container\">\n\t\t\t\t\t<h2 class=\"elementor-heading-title elementor-size-default\">See also<\/h2>\t\t\t\t<\/div>\n\t\t\t\t<\/div>\n\t\t\t\t<div class=\"elementor-element elementor-element-f74f138 elementor-widget elementor-widget-ha-carousel happy-addon ha-carousel\" data-id=\"f74f138\" data-element_type=\"widget\" data-e-type=\"widget\" data-settings=\"{&quot;slides_to_show&quot;:&quot;4&quot;,&quot;slides_to_show_tablet&quot;:&quot;1&quot;,&quot;slides_to_show_mobile&quot;:&quot;1&quot;,&quot;animation_speed&quot;:300,&quot;autoplay&quot;:&quot;yes&quot;,&quot;autoplay_speed&quot;:3000,&quot;loop&quot;:&quot;yes&quot;,&quot;navigation&quot;:&quot;arrow&quot;}\" data-widget_type=\"ha-carousel.default\">\n\t\t\t\t<div class=\"elementor-widget-container\">\n\t\t\t\t\t\n\t\t<div data-ha_rcc_uid=\"\" class=\"hajs-slick ha-slick ha-slick--carousel\">\n\n\t\t\t\n\t\t\t\t<div class=\"ha-slick-slide slick-slide\">\n\t\t\t\t\t<a class=\"ha-slick-item\" href=\"https:\/\/traveldivision.co.mz\/en\/anvil-bay-3-dias-e-2-noites\/\">\n\t\t\t\t\t\t\t\t\t\t\t\t\t<img decoding=\"async\" class=\"ha-slick-img\" src=\"https:\/\/traveldivision.co.mz\/wp-content\/uploads\/2022\/03\/Anvil-Bay-1024x683.jpg\" alt=\"ANVIL BAY - 5 Dias \/ 4  Noites\">\n\t\t\t\t\t\t\n\t\t\t\t\t\t\t\t\t\t\t\t\t<div class=\"ha-slick-content\">\n\t\t\t\t\t\t\t\t<h2 class=\"ha-slick-title\">ANVIL BAY - 5 DAYS\/ 4 NIGHTS<\/h2>\t\t\t\t\t\t\t\t\t\t\t\t\t\t\t<\/div>\n\t\t\t\t\t\t\t\t\t\t\t<\/a>\n\t\t\t\t<\/div>\n\n\t\t\t\n\t\t\t\t<div class=\"ha-slick-slide slick-slide\">\n\t\t\t\t\t<a class=\"ha-slick-item\" href=\"https:\/\/traveldivision.co.mz\/en\/white-pearl-3-dias-2-noites\/\">\n\t\t\t\t\t\t\t\t\t\t\t\t\t<img decoding=\"async\" class=\"ha-slick-img\" src=\"https:\/\/traveldivision.co.mz\/wp-content\/uploads\/2022\/03\/2002359a.jpg\" alt=\"WHITE PEARL - 5 Dias \/ 4 Noites\">\n\t\t\t\t\t\t\n\t\t\t\t\t\t\t\t\t\t\t\t\t<div class=\"ha-slick-content\">\n\t\t\t\t\t\t\t\t<h2 class=\"ha-slick-title\">WHITE PEARL - 5 Dias \/ 4 Noites<\/h2>\t\t\t\t\t\t\t\t\t\t\t\t\t\t\t<\/div>\n\t\t\t\t\t\t\t\t\t\t\t<\/a>\n\t\t\t\t<\/div>\n\n\t\t\t\n\t\t\t\t<div class=\"ha-slick-slide slick-slide\">\n\t\t\t\t\t<a class=\"ha-slick-item\" href=\"https:\/\/traveldivision.co.mz\/en\/coral-lodge-3-dias-e-2-noites\/\">\n\t\t\t\t\t\t\t\t\t\t\t\t\t<img decoding=\"async\" class=\"ha-slick-img\" src=\"https:\/\/traveldivision.co.mz\/wp-content\/uploads\/2023\/02\/Coral-Lodge.jpg\" alt=\"CORAL LODGE - 5 Dias \/ 4 Noites\">\n\t\t\t\t\t\t\n\t\t\t\t\t\t\t\t\t\t\t\t\t<div class=\"ha-slick-content\">\n\t\t\t\t\t\t\t\t<h2 class=\"ha-slick-title\">CORAL LODGE - 5 Dias \/ 4 Noites<\/h2>\t\t\t\t\t\t\t\t\t\t\t\t\t\t\t<\/div>\n\t\t\t\t\t\t\t\t\t\t\t<\/a>\n\t\t\t\t<\/div>\n\n\t\t\t\n\t\t\t\t<div class=\"ha-slick-slide slick-slide\">\n\t\t\t\t\t<a class=\"ha-slick-item\" href=\"https:\/\/traveldivision.co.mz\/en\/santorini-vilanculos-5-days-and-4-nights\/\">\n\t\t\t\t\t\t\t\t\t\t\t\t\t<img decoding=\"async\" class=\"ha-slick-img\" src=\"https:\/\/traveldivision.co.mz\/wp-content\/uploads\/2023\/02\/Santorini.jpg\" alt=\"Santorini Vilanculos \u2013 5 Dias \/ 4 Noites \">\n\t\t\t\t\t\t\n\t\t\t\t\t\t\t\t\t\t\t\t\t<div class=\"ha-slick-content\">\n\t\t\t\t\t\t\t\t<h2 class=\"ha-slick-title\">Santorini Vilanculos \u2013 5 Days\/ 4 Nights <\/h2>\t\t\t\t\t\t\t\t\t\t\t\t\t\t\t<\/div>\n\t\t\t\t\t\t\t\t\t\t\t<\/a>\n\t\t\t\t<\/div>\n\n\t\t\t\n\t\t\t\t<div class=\"ha-slick-slide slick-slide\">\n\t\t\t\t\t<a class=\"ha-slick-item\" href=\"https:\/\/traveldivision.co.mz\/en\/azura-benguerra\/\">\n\t\t\t\t\t\t\t\t\t\t\t\t\t<img decoding=\"async\" class=\"ha-slick-img\" src=\"https:\/\/traveldivision.co.mz\/wp-content\/uploads\/2023\/02\/Azura.jpg\" alt=\"AZURA BENGUERRA - 5 Dias \/ 4 Noites \">\n\t\t\t\t\t\t\n\t\t\t\t\t\t\t\t\t\t\t\t\t<div class=\"ha-slick-content\">\n\t\t\t\t\t\t\t\t<h2 class=\"ha-slick-title\">AZURA BENGUERRA - 5 Days\/ 4 Nights <\/h2>\t\t\t\t\t\t\t\t\t\t\t\t\t\t\t<\/div>\n\t\t\t\t\t\t\t\t\t\t\t<\/a>\n\t\t\t\t<\/div>\n\n\t\t\t\n\t\t\t\t<div class=\"ha-slick-slide slick-slide\">\n\t\t\t\t\t<a class=\"ha-slick-item\" href=\"https:\/\/traveldivision.co.mz\/en\/vilankulos-beach-lodge\/\">\n\t\t\t\t\t\t\t\t\t\t\t\t\t<img decoding=\"async\" class=\"ha-slick-img\" src=\"https:\/\/traveldivision.co.mz\/wp-content\/uploads\/2023\/02\/Vilanculos-beach-Lodgejpg.jpg\" alt=\"&lt;strong&gt;Vilankulos Beach Lodge&lt;\/strong&gt; - 5 DIAS \/ 4 NOITES\">\n\t\t\t\t\t\t\n\t\t\t\t\t\t\t\t\t\t\t\t\t<div class=\"ha-slick-content\">\n\t\t\t\t\t\t\t\t<h2 class=\"ha-slick-title\"><strong>Vilankulos Beach Lodge<\/strong> - 5 DAYS\/ 4 NIGHTS<\/h2>\t\t\t\t\t\t\t\t\t\t\t\t\t\t\t<\/div>\n\t\t\t\t\t\t\t\t\t\t\t<\/a>\n\t\t\t\t<\/div>\n\n\t\t\t\n\t\t<\/div>\n\n\t\t\t\t\t<button type=\"button\" class=\"slick-prev\"><i aria-hidden=\"true\" class=\"fas fa-chevron-left\"><\/i><\/button>\n\t\t\n\t\t\t\t\t<button type=\"button\" class=\"slick-next\"><i aria-hidden=\"true\" class=\"fas fa-chevron-right\"><\/i><\/button>\n\t\t\n\t\t\t\t\t\t<\/div>\n\t\t\t\t<\/div>\n\t\t\t\t\t<\/div>\n\t\t<\/div>\n\t\t\t\t\t<\/div>\n\t\t<\/section>\n\t\t\t\t\t<\/div>\n\t\t<\/div>\n\t\t\t\t\t<\/div>\n\t\t<\/section>\n\t\t\t\t<section class=\"elementor-section elementor-top-section elementor-element elementor-element-3aefd56d elementor-section-boxed elementor-section-height-default elementor-section-height-default\" data-id=\"3aefd56d\" data-element_type=\"section\" data-e-type=\"section\" data-settings=\"{&quot;background_background&quot;:&quot;classic&quot;,&quot;_ha_eqh_enable&quot;:false}\">\n\t\t\t\t\t\t<div class=\"elementor-container elementor-column-gap-default\">\n\t\t\t\t\t<div class=\"elementor-column elementor-col-50 elementor-top-column elementor-element elementor-element-67714aa6\" data-id=\"67714aa6\" data-element_type=\"column\" data-e-type=\"column\">\n\t\t\t<div class=\"elementor-widget-wrap elementor-element-populated\">\n\t\t\t\t\t\t<div class=\"elementor-element elementor-element-f2cd0ad elementor-widget elementor-widget-elementskit-heading\" data-id=\"f2cd0ad\" data-element_type=\"widget\" data-e-type=\"widget\" data-widget_type=\"elementskit-heading.default\">\n\t\t\t\t<div class=\"elementor-widget-container\">\n\t\t\t\t\t<div class=\"ekit-wid-con\" ><div class=\"ekit-heading elementskit-section-title-wraper text_center   ekit_heading_tablet-   ekit_heading_mobile-\"><h2 class=\"ekit-heading--title elementskit-section-title\">BE THE FIRST TO RECEIVE OUR OFFERS<\/h2><\/div><\/div>\t\t\t\t<\/div>\n\t\t\t\t<\/div>\n\t\t\t\t\t<\/div>\n\t\t<\/div>\n\t\t\t\t<div class=\"elementor-column elementor-col-50 elementor-top-column elementor-element elementor-element-284a1086\" data-id=\"284a1086\" data-element_type=\"column\" data-e-type=\"column\">\n\t\t\t<div class=\"elementor-widget-wrap elementor-element-populated\">\n\t\t\t\t\t\t<div class=\"elementor-element elementor-element-65f7e9d7 ha-mailchimp-horizontal ha-mailchimp-tablet-horizontal ha-mailchimp-mobile-vertical elementor-widget elementor-widget-ha-mailchimp happy-addon ha-mailchimp\" data-id=\"65f7e9d7\" data-element_type=\"widget\" data-e-type=\"widget\" data-widget_type=\"ha-mailchimp.default\">\n\t\t\t\t<div class=\"elementor-widget-container\">\n\t\t\t\t\t\t\t<div class=\"ha-mailchimp-wrapper\" data-post-id=\"7681\" data-widget-id=\"65f7e9d7\">\n\t\t\t\t\t\t\t\t\t<div class=\"ha-mc-response-message\"><\/div>\n\t\t\t<form class=\"ha-mailchimp-form\" data-list-id=\"cb379ad23a\" data-success-message=\"Your data has been inserted on Mailchimp.\" action=\"\">\n\t\t\t\t\t\t\t\t\t\t\t\t<div class=\"ha-mc-input-wrapper\">\n\t\t\t\t\t\t\t\t\t\t<div class=\"ha-mc-input before\">\n\t\t\t\t\t\t\t\t\t\t\t\t\t<div class=\"ha-mc-icon-wrapper\"><i class=\"icon icon-envelope\"><\/i><\/div>\n\t\t\t\t\t\t\t\t\t\t\t\t<input type=\"email\" name=\"email\" placeholder=\"E-mail\" required>\n\t\t\t\t\t\t\t\t\t\t\t<\/div>\n\t\t\t\t<\/div>\n\t\t\t\t<div class=\"ha-mc-button-wrapper\">\n\n\t\t\t\t\t<button type=\"submit\" class=\"ha-mc-button\" name=\"ha-mailchimp\">\n\t\t\t\t\t\t\t\t\t\t\t\t\t<div class=\"ha-mc-icon-wrapper\"><i class=\"hm hm-tick\"><\/i><\/div>\n\t\t\t\t\t\t\t\t\t\t\t\tSubscribe\t\t\t\t\t\t\t\t\t\t\t<\/button>\n\t\t\t\t<\/div>\n\t\t\t<input type=\"hidden\" name=\"trp-form-language\" value=\"en\"\/><\/form>\n\t\t<\/div>\n\t\t\t\t\t\t<\/div>\n\t\t\t\t<\/div>\n\t\t\t\t\t<\/div>\n\t\t<\/div>\n\t\t\t\t\t<\/div>\n\t\t<\/section>\n\t\t\t\t<\/div>","protected":false},"excerpt":{"rendered":"<p>ANANTARA BAZARUTO &#8211; 5 DIAS \/ 4 NOITES. Anantara Bazaruto Bazaruto \u00e9 uma ilha anerosa, localizada a aproximadamente 80 km a sudeste da foz do rio Save. \u00c9 a maior ilha do Arquip\u00e9lago de Bazaruto com uma \u00e1rea e 120 km quadrados e \u00e9 parte integrante do Parque Nacional com o mesmo nome. Possui fant\u00e1sticas [&hellip;]<\/p>\n","protected":false},"author":1,"featured_media":0,"parent":0,"menu_order":0,"comment_status":"closed","ping_status":"closed","template":"elementor_header_footer","meta":{"footnotes":""},"class_list":["post-7681","page","type-page","status-publish","hentry"],"_links":{"self":[{"href":"https:\/\/traveldivision.co.mz\/en\/wp-json\/wp\/v2\/pages\/7681","targetHints":{"allow":["GET"]}}],"collection":[{"href":"https:\/\/traveldivision.co.mz\/en\/wp-json\/wp\/v2\/pages"}],"about":[{"href":"https:\/\/traveldivision.co.mz\/en\/wp-json\/wp\/v2\/types\/page"}],"author":[{"embeddable":true,"href":"https:\/\/traveldivision.co.mz\/en\/wp-json\/wp\/v2\/users\/1"}],"replies":[{"embeddable":true,"href":"https:\/\/traveldivision.co.mz\/en\/wp-json\/wp\/v2\/comments?post=7681"}],"version-history":[{"count":5,"href":"https:\/\/traveldivision.co.mz\/en\/wp-json\/wp\/v2\/pages\/7681\/revisions"}],"predecessor-version":[{"id":11205,"href":"https:\/\/traveldivision.co.mz\/en\/wp-json\/wp\/v2\/pages\/7681\/revisions\/11205"}],"wp:attachment":[{"href":"https:\/\/traveldivision.co.mz\/en\/wp-json\/wp\/v2\/media?parent=7681"}],"curies":[{"name":"wp","href":"https:\/\/api.w.org\/{rel}","templated":true}]}}