{"id":7717,"date":"2022-03-21T20:29:41","date_gmt":"2022-03-21T20:29:41","guid":{"rendered":"https:\/\/traveldivision.co.mz\/?page_id=7717"},"modified":"2024-01-29T13:44:01","modified_gmt":"2024-01-29T13:44:01","slug":"coral-lodge-3-dias-e-2-noites","status":"publish","type":"page","link":"https:\/\/traveldivision.co.mz\/en\/coral-lodge-3-dias-e-2-noites\/","title":{"rendered":"CORAL LODGE &#8211; 3 DIAS E 2 NOITES"},"content":{"rendered":"<div data-elementor-type=\"wp-page\" data-elementor-id=\"7717\" class=\"elementor elementor-7717\" data-elementor-settings=\"{&quot;ha_cmc_init_switcher&quot;:&quot;no&quot;}\">\n\t\t\t\t\t\t<section class=\"elementor-section elementor-top-section elementor-element elementor-element-4a74ccec elementor-section-height-min-height elementor-section-boxed elementor-section-height-default elementor-section-items-middle\" data-id=\"4a74ccec\" data-element_type=\"section\" data-e-type=\"section\" data-settings=\"{&quot;background_background&quot;:&quot;classic&quot;,&quot;_ha_eqh_enable&quot;:false}\">\n\t\t\t\t\t\t<div class=\"elementor-container elementor-column-gap-default\">\n\t\t\t\t\t<div class=\"elementor-column elementor-col-100 elementor-top-column elementor-element elementor-element-40619651\" data-id=\"40619651\" data-element_type=\"column\" data-e-type=\"column\">\n\t\t\t<div class=\"elementor-widget-wrap\">\n\t\t\t\t\t\t\t<\/div>\n\t\t<\/div>\n\t\t\t\t\t<\/div>\n\t\t<\/section>\n\t\t\t\t<section class=\"elementor-section elementor-top-section elementor-element elementor-element-2e0fb659 elementor-section-boxed elementor-section-height-default elementor-section-height-default\" data-id=\"2e0fb659\" data-element_type=\"section\" data-e-type=\"section\" data-settings=\"{&quot;background_background&quot;:&quot;classic&quot;,&quot;_ha_eqh_enable&quot;:false}\">\n\t\t\t\t\t\t<div class=\"elementor-container elementor-column-gap-default\">\n\t\t\t\t\t<div class=\"elementor-column elementor-col-100 elementor-top-column elementor-element elementor-element-492ffdc1\" data-id=\"492ffdc1\" data-element_type=\"column\" data-e-type=\"column\">\n\t\t\t<div class=\"elementor-widget-wrap elementor-element-populated\">\n\t\t\t\t\t\t<div class=\"elementor-element elementor-element-2b345e05 elementor-widget elementor-widget-heading\" data-id=\"2b345e05\" data-element_type=\"widget\" data-e-type=\"widget\" data-widget_type=\"heading.default\">\n\t\t\t\t<div class=\"elementor-widget-container\">\n\t\t\t\t\t<h2 class=\"elementor-heading-title elementor-size-default\"><strong>CORAL LODGE<\/strong> - 5 DAYS\/ 4 NIGHTS<\/h2>\t\t\t\t<\/div>\n\t\t\t\t<\/div>\n\t\t\t\t\t<\/div>\n\t\t<\/div>\n\t\t\t\t\t<\/div>\n\t\t<\/section>\n\t\t\t\t<section class=\"elementor-section elementor-top-section elementor-element elementor-element-76d6a055 elementor-section-boxed elementor-section-height-default elementor-section-height-default\" data-id=\"76d6a055\" data-element_type=\"section\" data-e-type=\"section\" data-settings=\"{&quot;background_background&quot;:&quot;classic&quot;,&quot;_ha_eqh_enable&quot;:false}\">\n\t\t\t\t\t\t<div class=\"elementor-container elementor-column-gap-default\">\n\t\t\t\t\t<div class=\"elementor-column elementor-col-100 elementor-top-column elementor-element elementor-element-5da217b5\" data-id=\"5da217b5\" data-element_type=\"column\" data-e-type=\"column\">\n\t\t\t<div class=\"elementor-widget-wrap elementor-element-populated\">\n\t\t\t\t\t\t<section class=\"elementor-section elementor-inner-section elementor-element elementor-element-3955522b elementor-section-boxed elementor-section-height-default elementor-section-height-default\" data-id=\"3955522b\" data-element_type=\"section\" data-e-type=\"section\" data-settings=\"{&quot;_ha_eqh_enable&quot;:false}\">\n\t\t\t\t\t\t<div class=\"elementor-container elementor-column-gap-wider\">\n\t\t\t\t\t<div class=\"elementor-column elementor-col-100 elementor-inner-column elementor-element elementor-element-24b42844\" data-id=\"24b42844\" data-element_type=\"column\" data-e-type=\"column\">\n\t\t\t<div class=\"elementor-widget-wrap elementor-element-populated\">\n\t\t\t\t\t\t<div class=\"elementor-element elementor-element-47ced999 elementor-widget elementor-widget-text-editor\" data-id=\"47ced999\" data-element_type=\"widget\" data-e-type=\"widget\" data-widget_type=\"text-editor.default\">\n\t\t\t\t<div class=\"elementor-widget-container\">\n\t\t\t\t\t\t\t\t\t<h5><strong>Coral\u00a0 Lodge<\/strong><\/h5><p>Ten luxurious villages situated on a breath of breath, with immaculate beaches and a winding lagoon, give life to the experience of Coral Lodge. An experience that is intimate and exclusive because it is authentic.<\/p><p>Embrace the colourful history and culture of Mozambique, the only UNESCO World Heritage Site, which is close to Coral Lodge, with daily transfers provided.<\/p><p>Combined all this with our warm and genuine hospitality Coral Lodge Family, you cannot stop falling in love with our coral lodge experience.<\/p><p>Enjoy this opportunity to assert your vacation!<\/p>\t\t\t\t\t\t\t\t<\/div>\n\t\t\t\t<\/div>\n\t\t\t\t\t<\/div>\n\t\t<\/div>\n\t\t\t\t\t<\/div>\n\t\t<\/section>\n\t\t\t\t<section class=\"elementor-section elementor-inner-section elementor-element elementor-element-d3b4144 elementor-section-boxed elementor-section-height-default elementor-section-height-default\" data-id=\"d3b4144\" data-element_type=\"section\" data-e-type=\"section\" data-settings=\"{&quot;_ha_eqh_enable&quot;:false}\">\n\t\t\t\t\t\t<div class=\"elementor-container elementor-column-gap-wider\">\n\t\t\t\t\t<div class=\"elementor-column elementor-col-100 elementor-inner-column elementor-element elementor-element-3b129ce\" data-id=\"3b129ce\" data-element_type=\"column\" data-e-type=\"column\">\n\t\t\t<div class=\"elementor-widget-wrap elementor-element-populated\">\n\t\t\t\t\t\t<div class=\"elementor-element elementor-element-563ef12f elementor-widget elementor-widget-heading\" data-id=\"563ef12f\" data-element_type=\"widget\" data-e-type=\"widget\" data-widget_type=\"heading.default\">\n\t\t\t\t<div class=\"elementor-widget-container\">\n\t\t\t\t\t<h2 class=\"elementor-heading-title elementor-size-default\">The package includes:<\/h2>\t\t\t\t<\/div>\n\t\t\t\t<\/div>\n\t\t\t\t<div class=\"elementor-element elementor-element-32f72ddd elementor-widget elementor-widget-text-editor\" data-id=\"32f72ddd\" data-element_type=\"widget\" data-e-type=\"widget\" data-widget_type=\"text-editor.default\">\n\t\t\t\t<div class=\"elementor-widget-container\">\n\t\t\t\t\t\t\t\t\t<p>\u00a0\u2022 Flight Maputo Nampula\/ Maputo<\/p><p>\u00a0\u2022 Transfers round trip from the airport to hotel<\/p><p>\u00a0\u2022 04 Night accommodation in Beach Vila, in full pension regime<\/p><p>\u2022 Welcome drink<\/p><p>\u2022 On-room snack on arrival<\/p><p>\u2022 Water, tea and coffee<\/p><p>\u2022 Wi-fi in Lobby and restaurant<\/p><p>\u2022 Diving in the pond, canoeing and paddle boarding<\/p><p>\u2022 Ride to the locality of Macua<\/p><p>\u2022 A kitchen experience with the chef<\/p><p>\u2022 For stays of 05 or more nights includes ride on Dhow to Mozambique Island with guided tour<\/p>\t\t\t\t\t\t\t\t<\/div>\n\t\t\t\t<\/div>\n\t\t\t\t\t<\/div>\n\t\t<\/div>\n\t\t\t\t\t<\/div>\n\t\t<\/section>\n\t\t\t\t\t<\/div>\n\t\t<\/div>\n\t\t\t\t\t<\/div>\n\t\t<\/section>\n\t\t\t\t<section class=\"elementor-section elementor-inner-section elementor-element elementor-element-23cbeb8e elementor-section-boxed elementor-section-height-default elementor-section-height-default\" data-id=\"23cbeb8e\" data-element_type=\"section\" data-e-type=\"section\" data-settings=\"{&quot;_ha_eqh_enable&quot;:false}\">\n\t\t\t\t\t\t<div class=\"elementor-container elementor-column-gap-default\">\n\t\t\t\t\t<div class=\"elementor-column elementor-col-100 elementor-inner-column elementor-element elementor-element-7758a4a7\" data-id=\"7758a4a7\" data-element_type=\"column\" data-e-type=\"column\">\n\t\t\t<div class=\"elementor-widget-wrap elementor-element-populated\">\n\t\t\t\t\t\t<div class=\"elementor-element elementor-element-293cbe5 elementor-widget-divider--view-line elementor-widget elementor-widget-divider\" data-id=\"293cbe5\" data-element_type=\"widget\" data-e-type=\"widget\" data-widget_type=\"divider.default\">\n\t\t\t\t<div class=\"elementor-widget-container\">\n\t\t\t\t\t\t\t<div class=\"elementor-divider\">\n\t\t\t<span class=\"elementor-divider-separator\">\n\t\t\t\t\t\t<\/span>\n\t\t<\/div>\n\t\t\t\t\t\t<\/div>\n\t\t\t\t<\/div>\n\t\t\t\t\t<\/div>\n\t\t<\/div>\n\t\t\t\t\t<\/div>\n\t\t<\/section>\n\t\t\t\t<section class=\"elementor-section elementor-inner-section elementor-element elementor-element-e1dc72e elementor-section-boxed elementor-section-height-default elementor-section-height-default\" data-id=\"e1dc72e\" data-element_type=\"section\" data-e-type=\"section\" data-settings=\"{&quot;background_background&quot;:&quot;classic&quot;,&quot;_ha_eqh_enable&quot;:false}\">\n\t\t\t\t\t\t<div class=\"elementor-container elementor-column-gap-wider\">\n\t\t\t\t\t<div class=\"elementor-column elementor-col-33 elementor-inner-column elementor-element elementor-element-3f49dd5\" data-id=\"3f49dd5\" data-element_type=\"column\" data-e-type=\"column\">\n\t\t\t<div class=\"elementor-widget-wrap elementor-element-populated\">\n\t\t\t\t\t\t<div class=\"elementor-element elementor-element-83f7430 elementor-widget elementor-widget-accordion\" data-id=\"83f7430\" data-element_type=\"widget\" data-e-type=\"widget\" data-widget_type=\"accordion.default\">\n\t\t\t\t<div class=\"elementor-widget-container\">\n\t\t\t\t\t\t\t<div class=\"elementor-accordion\">\n\t\t\t\t\t\t\t<div class=\"elementor-accordion-item\">\n\t\t\t\t\t<div id=\"elementor-tab-title-1381\" class=\"elementor-tab-title\" data-tab=\"1\" role=\"button\" aria-controls=\"elementor-tab-content-1381\" aria-expanded=\"false\">\n\t\t\t\t\t\t\t\t\t\t\t\t\t<span class=\"elementor-accordion-icon elementor-accordion-icon-left\" aria-hidden=\"true\">\n\t\t\t\t\t\t\t\t\t\t\t\t\t\t\t<span class=\"elementor-accordion-icon-closed\"><i class=\"fas fa-caret-down\"><\/i><\/span>\n\t\t\t\t\t\t\t\t<span class=\"elementor-accordion-icon-opened\"><\/span>\n\t\t\t\t\t\t\t\t\t\t\t\t\t\t<\/span>\n\t\t\t\t\t\t\t\t\t\t\t\t<a class=\"elementor-accordion-title\" tabindex=\"0\"><p>Low season <\/br><\/p><p> 242,903.00 MZN \/ 3,855.60 USD<\/br><\/p>  Prices for 2 people<\/a>\n\t\t\t\t\t<\/div>\n\t\t\t\t\t<div id=\"elementor-tab-content-1381\" class=\"elementor-tab-content elementor-clearfix\" data-tab=\"1\" role=\"region\" aria-labelledby=\"elementor-tab-title-1381\"><p>11 de janeiro a 17 de dezembro de 2024<\/p><\/div>\n\t\t\t\t<\/div>\n\t\t\t\t\t\t\t\t<\/div>\n\t\t\t\t\t\t<\/div>\n\t\t\t\t<\/div>\n\t\t\t\t\t<\/div>\n\t\t<\/div>\n\t\t\t\t<div class=\"elementor-column elementor-col-33 elementor-inner-column elementor-element elementor-element-fea1329\" data-id=\"fea1329\" data-element_type=\"column\" data-e-type=\"column\">\n\t\t\t<div class=\"elementor-widget-wrap elementor-element-populated\">\n\t\t\t\t\t\t<div class=\"elementor-element elementor-element-1486eb7 elementor-widget elementor-widget-accordion\" data-id=\"1486eb7\" data-element_type=\"widget\" data-e-type=\"widget\" data-widget_type=\"accordion.default\">\n\t\t\t\t<div class=\"elementor-widget-container\">\n\t\t\t\t\t\t\t<div class=\"elementor-accordion\">\n\t\t\t\t\t\t\t<div class=\"elementor-accordion-item\">\n\t\t\t\t\t<div id=\"elementor-tab-title-2151\" class=\"elementor-tab-title\" data-tab=\"1\" role=\"button\" aria-controls=\"elementor-tab-content-2151\" aria-expanded=\"false\">\n\t\t\t\t\t\t\t\t\t\t\t\t\t<span class=\"elementor-accordion-icon elementor-accordion-icon-left\" aria-hidden=\"true\">\n\t\t\t\t\t\t\t\t\t\t\t\t\t\t\t<span class=\"elementor-accordion-icon-closed\"><i class=\"fas fa-caret-down\"><\/i><\/span>\n\t\t\t\t\t\t\t\t<span class=\"elementor-accordion-icon-opened\"><\/span>\n\t\t\t\t\t\t\t\t\t\t\t\t\t\t<\/span>\n\t\t\t\t\t\t\t\t\t\t\t\t<a class=\"elementor-accordion-title\" tabindex=\"0\"><p>High season <\/br><\/p><p> 307,216.00 MZN \/ 4,876.44 USD<\/br><\/p>  Prices for 2 people<\/a>\n\t\t\t\t\t<\/div>\n\t\t\t\t\t<div id=\"elementor-tab-content-2151\" class=\"elementor-tab-content elementor-clearfix\" data-tab=\"1\" role=\"region\" aria-labelledby=\"elementor-tab-title-2151\"><p>18 de dezembro de 2024<\/p><p>a 10 de janeiro de 2025<\/p><p>*obliges a minimum stay of 5 days<\/p><\/div>\n\t\t\t\t<\/div>\n\t\t\t\t\t\t\t\t<\/div>\n\t\t\t\t\t\t<\/div>\n\t\t\t\t<\/div>\n\t\t\t\t\t<\/div>\n\t\t<\/div>\n\t\t\t\t<div class=\"elementor-column elementor-col-33 elementor-inner-column elementor-element elementor-element-b1abd58\" data-id=\"b1abd58\" data-element_type=\"column\" data-e-type=\"column\">\n\t\t\t<div class=\"elementor-widget-wrap\">\n\t\t\t\t\t\t\t<\/div>\n\t\t<\/div>\n\t\t\t\t\t<\/div>\n\t\t<\/section>\n\t\t\t\t<section class=\"elementor-section elementor-inner-section elementor-element elementor-element-8785227 elementor-section-boxed elementor-section-height-default elementor-section-height-default\" data-id=\"8785227\" data-element_type=\"section\" data-e-type=\"section\" data-settings=\"{&quot;_ha_eqh_enable&quot;:false}\">\n\t\t\t\t\t\t<div class=\"elementor-container elementor-column-gap-default\">\n\t\t\t\t\t<div class=\"elementor-column elementor-col-100 elementor-inner-column elementor-element elementor-element-dc150db\" data-id=\"dc150db\" data-element_type=\"column\" data-e-type=\"column\">\n\t\t\t<div class=\"elementor-widget-wrap elementor-element-populated\">\n\t\t\t\t\t\t<div class=\"elementor-element elementor-element-af0fa49 elementor-widget-divider--view-line elementor-widget elementor-widget-divider\" data-id=\"af0fa49\" data-element_type=\"widget\" data-e-type=\"widget\" data-widget_type=\"divider.default\">\n\t\t\t\t<div class=\"elementor-widget-container\">\n\t\t\t\t\t\t\t<div class=\"elementor-divider\">\n\t\t\t<span class=\"elementor-divider-separator\">\n\t\t\t\t\t\t<\/span>\n\t\t<\/div>\n\t\t\t\t\t\t<\/div>\n\t\t\t\t<\/div>\n\t\t\t\t<div class=\"elementor-element elementor-element-fd5b592 elementor-widget elementor-widget-heading\" data-id=\"fd5b592\" data-element_type=\"widget\" data-e-type=\"widget\" data-widget_type=\"heading.default\">\n\t\t\t\t<div class=\"elementor-widget-container\">\n\t\t\t\t\t<h2 class=\"elementor-heading-title elementor-size-default\">See also <\/h2>\t\t\t\t<\/div>\n\t\t\t\t<\/div>\n\t\t\t\t<div class=\"elementor-element elementor-element-1d06187 elementor-widget elementor-widget-ha-carousel happy-addon ha-carousel\" data-id=\"1d06187\" data-element_type=\"widget\" data-e-type=\"widget\" data-settings=\"{&quot;slides_to_show&quot;:&quot;4&quot;,&quot;slides_to_show_tablet&quot;:&quot;3&quot;,&quot;slides_to_show_mobile&quot;:&quot;1&quot;,&quot;animation_speed&quot;:300,&quot;autoplay&quot;:&quot;yes&quot;,&quot;autoplay_speed&quot;:3000,&quot;loop&quot;:&quot;yes&quot;,&quot;navigation&quot;:&quot;arrow&quot;}\" data-widget_type=\"ha-carousel.default\">\n\t\t\t\t<div class=\"elementor-widget-container\">\n\t\t\t\t\t\n\t\t<div data-ha_rcc_uid=\"\" class=\"hajs-slick ha-slick ha-slick--carousel\">\n\n\t\t\t\n\t\t\t\t<div class=\"ha-slick-slide slick-slide\">\n\t\t\t\t\t<a class=\"ha-slick-item\" href=\"https:\/\/traveldivision.co.mz\/en\/white-pearl-3-dias-2-noites\/\">\n\t\t\t\t\t\t\t\t\t\t\t\t\t<img decoding=\"async\" class=\"ha-slick-img\" src=\"https:\/\/traveldivision.co.mz\/wp-content\/uploads\/2022\/03\/Anvil-Bay.jpg\" alt=\"&lt;strong&gt;ANVIL BAY&lt;\/strong&gt; - 5 Dias \/ 4  Noites\">\n\t\t\t\t\t\t\n\t\t\t\t\t\t\t\t\t\t\t\t\t<div class=\"ha-slick-content\">\n\t\t\t\t\t\t\t\t<h2 class=\"ha-slick-title\"><strong>ANVIL BAY<\/strong> - 5 DAYS\/ 4 NIGHTS<\/h2>\t\t\t\t\t\t\t\t\t\t\t\t\t\t\t<\/div>\n\t\t\t\t\t\t\t\t\t\t\t<\/a>\n\t\t\t\t<\/div>\n\n\t\t\t\n\t\t\t\t<div class=\"ha-slick-slide slick-slide\">\n\t\t\t\t\t<a class=\"ha-slick-item\" href=\"https:\/\/traveldivision.co.mz\/en\/anantara-bazaruto\/\">\n\t\t\t\t\t\t\t\t\t\t\t\t\t<img decoding=\"async\" class=\"ha-slick-img\" src=\"https:\/\/traveldivision.co.mz\/wp-content\/uploads\/2023\/02\/Anantara.jpg\" alt=\"&lt;strong&gt;ANANTARA BAZARUTO&lt;\/strong&gt; - 5 Dias \/ 4  Noites.\">\n\t\t\t\t\t\t\n\t\t\t\t\t\t\t\t\t\t\t\t\t<div class=\"ha-slick-content\">\n\t\t\t\t\t\t\t\t<h2 class=\"ha-slick-title\"><strong>ANANTARA BAZARUTO<\/strong> - 5 Dias \/ 4  Noites.<\/h2>\t\t\t\t\t\t\t\t\t\t\t\t\t\t\t<\/div>\n\t\t\t\t\t\t\t\t\t\t\t<\/a>\n\t\t\t\t<\/div>\n\n\t\t\t\n\t\t\t\t<div class=\"ha-slick-slide slick-slide\">\n\t\t\t\t\t<a class=\"ha-slick-item\" href=\"https:\/\/traveldivision.co.mz\/en\/santorini-vilanculos-5-days-and-4-nights\/\">\n\t\t\t\t\t\t\t\t\t\t\t\t\t<img decoding=\"async\" class=\"ha-slick-img\" src=\"https:\/\/traveldivision.co.mz\/wp-content\/uploads\/2023\/02\/Santorini.jpg\" alt=\"&lt;strong&gt;Santorini Vilanculos&lt;\/strong&gt; \u2013 5 Dias \/ 4 Noites  \">\n\t\t\t\t\t\t\n\t\t\t\t\t\t\t\t\t\t\t\t\t<div class=\"ha-slick-content\">\n\t\t\t\t\t\t\t\t<h2 class=\"ha-slick-title\"><strong>Santorini Vilanculos<\/strong> - 5 DAYS \/ 4 NIGHTS  <\/h2>\t\t\t\t\t\t\t\t\t\t\t\t\t\t\t<\/div>\n\t\t\t\t\t\t\t\t\t\t\t<\/a>\n\t\t\t\t<\/div>\n\n\t\t\t\n\t\t\t\t<div class=\"ha-slick-slide slick-slide\">\n\t\t\t\t\t<a class=\"ha-slick-item\" href=\"https:\/\/traveldivision.co.mz\/en\/white-pearl-3-dias-2-noites\/\">\n\t\t\t\t\t\t\t\t\t\t\t\t\t<img decoding=\"async\" class=\"ha-slick-img\" src=\"https:\/\/traveldivision.co.mz\/wp-content\/uploads\/2023\/02\/White-Peal.jpg\" alt=\"&lt;strong&gt;White Pearl &lt;\/strong&gt;- 5 Dias \/ 4 Noites\">\n\t\t\t\t\t\t\n\t\t\t\t\t\t\t\t\t\t\t\t\t<div class=\"ha-slick-content\">\n\t\t\t\t\t\t\t\t<h2 class=\"ha-slick-title\"><strong>White Pearl <\/strong>- 5 DAYS\/ 4 NIGHTS<\/h2>\t\t\t\t\t\t\t\t\t\t\t\t\t\t\t<\/div>\n\t\t\t\t\t\t\t\t\t\t\t<\/a>\n\t\t\t\t<\/div>\n\n\t\t\t\n\t\t\t\t<div class=\"ha-slick-slide slick-slide\">\n\t\t\t\t\t<a class=\"ha-slick-item\" href=\"https:\/\/traveldivision.co.mz\/en\/azura-benguerra\/\">\n\t\t\t\t\t\t\t\t\t\t\t\t\t<img decoding=\"async\" class=\"ha-slick-img\" src=\"https:\/\/traveldivision.co.mz\/wp-content\/uploads\/2023\/02\/Azura.jpg\" alt=\"&lt;strong&gt;AZURA BENGUERRA&lt;\/strong&gt; - 5 Dias \/ 4 Noites   \">\n\t\t\t\t\t\t\n\t\t\t\t\t\t\t\t\t\t\t\t\t<div class=\"ha-slick-content\">\n\t\t\t\t\t\t\t\t<h2 class=\"ha-slick-title\"><strong>AZURA BENGUERRA<\/strong> - 5 DAYS\/ 4 NIGHTS   <\/h2>\t\t\t\t\t\t\t\t\t\t\t\t\t\t\t<\/div>\n\t\t\t\t\t\t\t\t\t\t\t<\/a>\n\t\t\t\t<\/div>\n\n\t\t\t\n\t\t\t\t<div class=\"ha-slick-slide slick-slide\">\n\t\t\t\t\t<a class=\"ha-slick-item\" href=\"https:\/\/traveldivision.co.mz\/en\/milibangalala-bay-resort-5-dias-4-noites\/\">\n\t\t\t\t\t\t\t\t\t\t\t\t\t<img decoding=\"async\" class=\"ha-slick-img\" src=\"https:\/\/traveldivision.co.mz\/wp-content\/uploads\/2023\/02\/Milibangalala.jpg\" alt=\"&lt;strong&gt;Milibangalala Bay Resort &lt;\/strong&gt;\u2013 5 Dias \/ 4 Noites\">\n\t\t\t\t\t\t\n\t\t\t\t\t\t\t\t\t\t\t\t\t<div class=\"ha-slick-content\">\n\t\t\t\t\t\t\t\t<h2 class=\"ha-slick-title\"><strong>Milibangalala Bay Resort <\/strong>- 5 DAYS \/ 4 NIGHTS<\/h2>\t\t\t\t\t\t\t\t\t\t\t\t\t\t\t<\/div>\n\t\t\t\t\t\t\t\t\t\t\t<\/a>\n\t\t\t\t<\/div>\n\n\t\t\t\n\t\t\t\t<div class=\"ha-slick-slide slick-slide\">\n\t\t\t\t\t<a class=\"ha-slick-item\" href=\"https:\/\/traveldivision.co.mz\/en\/massinga-beach-lodge-5-dias-4-noites\/\">\n\t\t\t\t\t\t\t\t\t\t\t\t\t<img decoding=\"async\" class=\"ha-slick-img\" src=\"https:\/\/traveldivision.co.mz\/wp-content\/uploads\/2023\/02\/Massinga-Beach-Lodge.jpg\" alt=\"&lt;strong&gt;Massinga Beach Lodge&lt;\/strong&gt; \u2013 5 Dias \/ 4 Noites\">\n\t\t\t\t\t\t\n\t\t\t\t\t\t\t\t\t\t\t\t\t<div class=\"ha-slick-content\">\n\t\t\t\t\t\t\t\t<h2 class=\"ha-slick-title\"><strong>Massinga Beach Lodge<\/strong> - 5 DAYS \/ 4 NIGHTS<\/h2>\t\t\t\t\t\t\t\t\t\t\t\t\t\t\t<\/div>\n\t\t\t\t\t\t\t\t\t\t\t<\/a>\n\t\t\t\t<\/div>\n\n\t\t\t\n\t\t\t\t<div class=\"ha-slick-slide slick-slide\">\n\t\t\t\t\t<a class=\"ha-slick-item\" href=\"https:\/\/traveldivision.co.mz\/en\/machangulo-beach-lodge-5-dias-4-noites\/\">\n\t\t\t\t\t\t\t\t\t\t\t\t\t<img decoding=\"async\" class=\"ha-slick-img\" src=\"https:\/\/traveldivision.co.mz\/wp-content\/uploads\/2023\/02\/Machangulo.jpg\" alt=\"&lt;strong&gt;Machangulo Beach Lodge&lt;\/strong&gt; \u2013 5 Dias \/ 4 Noites\">\n\t\t\t\t\t\t\n\t\t\t\t\t\t\t\t\t\t\t\t\t<div class=\"ha-slick-content\">\n\t\t\t\t\t\t\t\t<h2 class=\"ha-slick-title\"><strong>Machangulo Beach Lodge<\/strong> - 5 DAYS \/ 4 NIGHTS<\/h2>\t\t\t\t\t\t\t\t\t\t\t\t\t\t\t<\/div>\n\t\t\t\t\t\t\t\t\t\t\t<\/a>\n\t\t\t\t<\/div>\n\n\t\t\t\n\t\t\t\t<div class=\"ha-slick-slide slick-slide\">\n\t\t\t\t\t<a class=\"ha-slick-item\" href=\"https:\/\/traveldivision.co.mz\/en\/vilankulos-beach-lodge\/\">\n\t\t\t\t\t\t\t\t\t\t\t\t\t<img decoding=\"async\" class=\"ha-slick-img\" src=\"https:\/\/traveldivision.co.mz\/wp-content\/uploads\/2023\/02\/Vilanculos-beach-Lodgejpg.jpg\" alt=\"&lt;strong&gt;Vilankulos Beach Lodge&lt;\/strong&gt; - 5 DIAS \/ 4 NOITES\">\n\t\t\t\t\t\t\n\t\t\t\t\t\t\t\t\t\t\t\t\t<div class=\"ha-slick-content\">\n\t\t\t\t\t\t\t\t<h2 class=\"ha-slick-title\"><strong>Vilankulos Beach Lodge<\/strong> - 5 DAYS\/ 4 NIGHTS<\/h2>\t\t\t\t\t\t\t\t\t\t\t\t\t\t\t<\/div>\n\t\t\t\t\t\t\t\t\t\t\t<\/a>\n\t\t\t\t<\/div>\n\n\t\t\t\n\t\t<\/div>\n\n\t\t\t\t\t<button type=\"button\" class=\"slick-prev\"><i aria-hidden=\"true\" class=\"fas fa-chevron-left\"><\/i><\/button>\n\t\t\n\t\t\t\t\t<button type=\"button\" class=\"slick-next\"><i aria-hidden=\"true\" class=\"fas fa-chevron-right\"><\/i><\/button>\n\t\t\n\t\t\t\t\t\t<\/div>\n\t\t\t\t<\/div>\n\t\t\t\t\t<\/div>\n\t\t<\/div>\n\t\t\t\t\t<\/div>\n\t\t<\/section>\n\t\t\t\t<section class=\"elementor-section elementor-top-section elementor-element elementor-element-1c1e9708 elementor-section-boxed elementor-section-height-default elementor-section-height-default\" data-id=\"1c1e9708\" data-element_type=\"section\" data-e-type=\"section\" data-settings=\"{&quot;background_background&quot;:&quot;classic&quot;,&quot;_ha_eqh_enable&quot;:false}\">\n\t\t\t\t\t\t<div class=\"elementor-container elementor-column-gap-default\">\n\t\t\t\t\t<div class=\"elementor-column elementor-col-50 elementor-top-column elementor-element elementor-element-7f5a5237\" data-id=\"7f5a5237\" data-element_type=\"column\" data-e-type=\"column\">\n\t\t\t<div class=\"elementor-widget-wrap elementor-element-populated\">\n\t\t\t\t\t\t<div class=\"elementor-element elementor-element-a342a67 elementor-widget elementor-widget-elementskit-heading\" data-id=\"a342a67\" data-element_type=\"widget\" data-e-type=\"widget\" data-widget_type=\"elementskit-heading.default\">\n\t\t\t\t<div class=\"elementor-widget-container\">\n\t\t\t\t\t<div class=\"ekit-wid-con\" ><div class=\"ekit-heading elementskit-section-title-wraper text_center   ekit_heading_tablet-   ekit_heading_mobile-\"><h2 class=\"ekit-heading--title elementskit-section-title\">BE THE FIRST TO RECEIVE OUR OFFERS<\/h2><\/div><\/div>\t\t\t\t<\/div>\n\t\t\t\t<\/div>\n\t\t\t\t\t<\/div>\n\t\t<\/div>\n\t\t\t\t<div class=\"elementor-column elementor-col-50 elementor-top-column elementor-element elementor-element-6b9a9611\" data-id=\"6b9a9611\" data-element_type=\"column\" data-e-type=\"column\">\n\t\t\t<div class=\"elementor-widget-wrap elementor-element-populated\">\n\t\t\t\t\t\t<div class=\"elementor-element elementor-element-2b57abd4 ha-mailchimp-horizontal ha-mailchimp-tablet-horizontal ha-mailchimp-mobile-vertical elementor-widget elementor-widget-ha-mailchimp happy-addon ha-mailchimp\" data-id=\"2b57abd4\" data-element_type=\"widget\" data-e-type=\"widget\" data-widget_type=\"ha-mailchimp.default\">\n\t\t\t\t<div class=\"elementor-widget-container\">\n\t\t\t\t\t\t\t<div class=\"ha-mailchimp-wrapper\" data-post-id=\"7717\" data-widget-id=\"2b57abd4\">\n\t\t\t\t\t\t\t\t\t<div class=\"ha-mc-response-message\"><\/div>\n\t\t\t<form class=\"ha-mailchimp-form\" data-list-id=\"cb379ad23a\" data-success-message=\"Your data has been inserted on Mailchimp.\" action=\"\">\n\t\t\t\t\t\t\t\t\t\t\t\t<div class=\"ha-mc-input-wrapper\">\n\t\t\t\t\t\t\t\t\t\t<div class=\"ha-mc-input before\">\n\t\t\t\t\t\t\t\t\t\t\t\t\t<div class=\"ha-mc-icon-wrapper\"><i class=\"icon icon-envelope\"><\/i><\/div>\n\t\t\t\t\t\t\t\t\t\t\t\t<input type=\"email\" name=\"email\" placeholder=\"E-mail\" required>\n\t\t\t\t\t\t\t\t\t\t\t<\/div>\n\t\t\t\t<\/div>\n\t\t\t\t<div class=\"ha-mc-button-wrapper\">\n\n\t\t\t\t\t<button type=\"submit\" class=\"ha-mc-button\" name=\"ha-mailchimp\">\n\t\t\t\t\t\t\t\t\t\t\t\t\t<div class=\"ha-mc-icon-wrapper\"><i class=\"hm hm-tick\"><\/i><\/div>\n\t\t\t\t\t\t\t\t\t\t\t\tSubscribe\t\t\t\t\t\t\t\t\t\t\t<\/button>\n\t\t\t\t<\/div>\n\t\t\t<input type=\"hidden\" name=\"trp-form-language\" value=\"en\"\/><\/form>\n\t\t<\/div>\n\t\t\t\t\t\t<\/div>\n\t\t\t\t<\/div>\n\t\t\t\t\t<\/div>\n\t\t<\/div>\n\t\t\t\t\t<\/div>\n\t\t<\/section>\n\t\t\t\t<\/div>","protected":false},"excerpt":{"rendered":"<p>CORAL LODGE &#8211; 5 DIAS \/ 4 NOITES Coral\u00a0 Lodge Dez villas luxuosas, situadas em uma pen\u00ednsula de tirar o f\u00f4lego, com praias imaculadas e uma lagoa sinuosa, d\u00e3o vida \u00e0 experi\u00eancia do Coral Lodge. Uma experi\u00eancia que \u00e9 \u00edntima e exclusiva, pois \u00e9 aut\u00eantica. Abrace a colorida hist\u00f3ria e cultura de Mo\u00e7ambique da Ilha [&hellip;]<\/p>\n","protected":false},"author":1,"featured_media":0,"parent":0,"menu_order":0,"comment_status":"closed","ping_status":"closed","template":"elementor_header_footer","meta":{"footnotes":""},"class_list":["post-7717","page","type-page","status-publish","hentry"],"_links":{"self":[{"href":"https:\/\/traveldivision.co.mz\/en\/wp-json\/wp\/v2\/pages\/7717","targetHints":{"allow":["GET"]}}],"collection":[{"href":"https:\/\/traveldivision.co.mz\/en\/wp-json\/wp\/v2\/pages"}],"about":[{"href":"https:\/\/traveldivision.co.mz\/en\/wp-json\/wp\/v2\/types\/page"}],"author":[{"embeddable":true,"href":"https:\/\/traveldivision.co.mz\/en\/wp-json\/wp\/v2\/users\/1"}],"replies":[{"embeddable":true,"href":"https:\/\/traveldivision.co.mz\/en\/wp-json\/wp\/v2\/comments?post=7717"}],"version-history":[{"count":5,"href":"https:\/\/traveldivision.co.mz\/en\/wp-json\/wp\/v2\/pages\/7717\/revisions"}],"predecessor-version":[{"id":11431,"href":"https:\/\/traveldivision.co.mz\/en\/wp-json\/wp\/v2\/pages\/7717\/revisions\/11431"}],"wp:attachment":[{"href":"https:\/\/traveldivision.co.mz\/en\/wp-json\/wp\/v2\/media?parent=7717"}],"curies":[{"name":"wp","href":"https:\/\/api.w.org\/{rel}","templated":true}]}}